{"id":22528,"date":"2024-11-20T01:03:15","date_gmt":"2024-11-20T06:03:15","guid":{"rendered":"https:\/\/www.volarisgroup.com\/contact-us\/"},"modified":"2025-04-16T07:21:03","modified_gmt":"2025-04-16T11:21:03","slug":"contact","status":"publish","type":"page","link":"https:\/\/www.volarisgroup.com\/fr\/contact\/","title":{"rendered":"Contact &#8211; FR"},"content":{"rendered":"<div class=\"gb-container gb-container-3f234766 hero-section\">\n<div class=\"gb-container gb-container-a1c571aa vg-container\" data-aos=\"fade-down\">\n<div class=\"gb-container gb-container-6a1fd14e\">\n<div class=\"gb-container gb-container-ab140e8a\">\n\n<h1 class=\"gb-headline gb-headline-c21ac1b1 gb-headline-text\"><span id=\"heading-main\"><span id=\"heading-main\">D\u00e9veloppons votre activit\u00e9<\/span><\/span><\/h1>\n\n\n\n<p class=\"gb-headline gb-headline-661cbe84 gb-headline-text\">Volaris Group est pr\u00e9sent dans le monde entier, dans plus de 50 pays. Si vous souhaitez en savoir plus sur nous, l&rsquo;un de nos responsables locaux peut r\u00e9pondre \u00e0 vos questions.<\/p>\n\n<\/div>\n<\/div>\n\n<div class=\"gb-container gb-container-7f42d871\">\n<div class=\"gb-container gb-container-59c7bb42 contact-us-wrapper\">\n    <div class=\"marketo-form-wrapper\">\r\n        <div id=\"cookie-consent-message_1781\" class=\"cookie-consent-message\" style=\"display: none;\">\r\n            To view the content below, please enable marketing cookies.        <\/div>\r\n        <div id=\"form-content_1781\">\r\n            <div class=\"marketo-forms-wrapper\">\r\n                                    <script src=\"\/\/my.volarisgroup.com\/js\/forms2\/js\/forms2.min.js\"><\/script>\r\n                    <form id=\"mktoForm_1781\"><\/form>\r\n                    <div id=\"confirmform_1781\" style=\"display:none;\">\r\n                        <p>Thank you for submitting the form.<\/p>\r\n                    <\/div>\r\n                    <script>\r\n                        function checkMarketoScript_1781() {\r\n                            if (typeof MktoForms2 === \"undefined\") {\r\n                                document.getElementById(\"cookie-consent-message_1781\").style.display = \"block\";\r\n                                document.getElementById(\"form-content_1781\").style.display = \"none\";\r\n                            } else {\r\n                                MktoForms2.loadForm(\"\/\/my.volarisgroup.com\", \"785-EOP-276\", 1781, function(form) {\r\n                                    form.onSuccess(function(values, followUpUrl) {\r\n                                        console.log(\"Form submitted successfully\", values);\r\n                                        form.getFormElem().hide();\r\n                                        var confirmElement = document.getElementById(\"confirmform_1781\");\r\n                                        confirmElement.style.display = \"block\";\r\n                                        confirmElement.style.visibility = \"visible\";\r\n                                        return false;\r\n                                    });\r\n                                });\r\n                            }\r\n                        }\r\n                        setTimeout(checkMarketoScript_1781, 1000);\r\n                    <\/script>\r\n                                            <\/div>\r\n        <\/div>\r\n    <\/div>\r\n\r\n    \n\n<\/div>\n\n<div class=\"gb-container gb-container-51a64767\">\n<div class=\"gb-container gb-container-5102da29\">\n\n<h2 class=\"gb-headline gb-headline-b85a7ef4 gb-headline-text\">Num\u00e9ro de t\u00e9l\u00e9phone:<\/h2>\n\n\n\n<p class=\"gb-headline gb-headline-e4a88ec0 gb-headline-text tel-phone-link\"><a href=\"tel:18778002558\" data-type=\"tel\" data-id=\"tel:18778002558\">1 877-800-2558<\/a><\/p>\n\n<\/div>\n\n<div class=\"gb-container gb-container-f3199cd9\">\n\n<h2 class=\"gb-headline gb-headline-b1259156 gb-headline-text\">Adresse:<\/h2>\n\n\n\n<p class=\"gb-headline gb-headline-ad143de2 gb-headline-text\">Volaris Group<br>5060 Spectrum Way, Suite 100.<br>Mississauga, ON L4W 5N5<br>Canada<\/p>\n\n<\/div>\n<\/div>\n<\/div>\n<\/div>\n<\/div>","protected":false},"excerpt":{"rendered":"<p>D\u00e9veloppons votre activit\u00e9 Volaris Group est pr\u00e9sent dans le monde entier, dans plus de 50 pays. Si vous souhaitez en savoir plus sur nous, l&rsquo;un de nos responsables locaux peut r\u00e9pondre \u00e0 vos questions. Num\u00e9ro de t\u00e9l\u00e9phone: 1 877-800-2558 Adresse: Volaris Group5060 Spectrum Way, Suite 100.Mississauga, ON L4W 5N5Canada<\/p>\n","protected":false},"author":1,"featured_media":0,"parent":0,"menu_order":0,"comment_status":"closed","ping_status":"closed","template":"","meta":{"_acf_changed":false,"_seopress_robots_primary_cat":"","_seopress_titles_title":"Connectons-nous - Volaris Group","_seopress_titles_desc":"Volaris Group est pr\u00e9sent dans le monde entier, dans plus de 50 pays. Si vous souhaitez en savoir plus sur nous, l'un de nos responsables locaux peut r\u00e9pondre \u00e0 vos questions.","_seopress_robots_index":"","footnotes":""},"class_list":["post-22528","page","type-page","status-publish"],"acf":[],"_links":{"self":[{"href":"https:\/\/www.volarisgroup.com\/fr\/wp-json\/wp\/v2\/pages\/22528","targetHints":{"allow":["GET"]}}],"collection":[{"href":"https:\/\/www.volarisgroup.com\/fr\/wp-json\/wp\/v2\/pages"}],"about":[{"href":"https:\/\/www.volarisgroup.com\/fr\/wp-json\/wp\/v2\/types\/page"}],"author":[{"embeddable":true,"href":"https:\/\/www.volarisgroup.com\/fr\/wp-json\/wp\/v2\/users\/1"}],"replies":[{"embeddable":true,"href":"https:\/\/www.volarisgroup.com\/fr\/wp-json\/wp\/v2\/comments?post=22528"}],"version-history":[{"count":58,"href":"https:\/\/www.volarisgroup.com\/fr\/wp-json\/wp\/v2\/pages\/22528\/revisions"}],"predecessor-version":[{"id":39688,"href":"https:\/\/www.volarisgroup.com\/fr\/wp-json\/wp\/v2\/pages\/22528\/revisions\/39688"}],"wp:attachment":[{"href":"https:\/\/www.volarisgroup.com\/fr\/wp-json\/wp\/v2\/media?parent=22528"}],"curies":[{"name":"wp","href":"https:\/\/api.w.org\/{rel}","templated":true}]}}