{"id":32310,"date":"2024-12-16T04:01:17","date_gmt":"2024-12-16T09:01:17","guid":{"rendered":"https:\/\/www.volarisgroup.com\/privacy-policy\/"},"modified":"2025-01-07T07:47:03","modified_gmt":"2025-01-07T12:47:03","slug":"privacy","status":"publish","type":"page","link":"https:\/\/www.volarisgroup.com\/de\/privacy\/","title":{"rendered":"Datenschutzrichtlinie"},"content":{"rendered":"<div class=\"gb-container gb-container-4a49bb1d privacy-policy-container-main vg-container\">\n<div class=\"gb-container gb-container-b6a5f449\">\n\n<h1 class=\"gb-headline gb-headline-047fef2b gb-headline-text volaris-privacy-policy\">Datenschutzrichtlinie<\/h1>\n\n<\/div>\n\n\n<p class=\"gb-headline gb-headline-f8801ad7 gb-headline-text\">Diese Datenschutzrichtlinie beschreibt die Verwaltung von personenbezogenen Daten (im Folgenden als \u201epersonenbezogene Daten\u201c bezeichnet) einer nat\u00fcrlichen Person (\u201eDatensubjekt\u201c) durch die Volaris Group (im Folgenden als \u201eVolaris\u201c bezeichnet), wobei die betroffene Person direkt oder indirekt durch Verweis auf die Nutzung der folgenden Webseiten-Adresse von Volaris aus einem beliebigen Grund identifiziert wird oder werden kann: https:\/\/www.volarisgroup.com (\u201eVolaris-Webseite\u201c).<\/p>\n\n\n\n<h3 class=\"gb-headline gb-headline-2ff942ef gb-headline-text\">Zweck<\/h3>\n\n\n\n<p class=\"gb-headline gb-headline-a594e096 gb-headline-text\">Diese Datenschutzrichtlinie beschreibt die Ma\u00dfnahmen, die Volaris ergreift, um die personenbezogenen Daten vertraulich zu behandeln, um die Datensubjekte dar\u00fcber zu informieren, wie und warum Volaris personenbezogene Daten erfasst, um den Datensubjekten Rechte zu erteilen und Kontaktinformationen von Volaris zu geben, damit das Datensubjekt diese Rechte aus\u00fcben kann oder Fragen oder Bedenken im Zusammenhang mit dieser Datenschutzrichtlinie stellen oder \u00e4u\u00dfern kann.<\/p>\n\n\n\n<p class=\"gb-headline gb-headline-ff285fa3 gb-headline-text\">Der Schutz der personenbezogenen Daten des Datensubjekts und die Wahrung der Integrit\u00e4t personenbezogener Daten bedeuten Folgendes: Volaris behandelt die personenbezogenen Daten und die zwischen dem Datensubjekt und Volaris abgewickelten Gesch\u00e4fte vertraulich; Volaris verkauft, vermietet oder verleiht die Informationen zum Datensubjekt nicht an Dritte; Volaris respektiert den Schutz der Daten des Datensubjekts, wenn wir ein Datensubjekt in Verbindung mit verschiedenen Produkten oder Dienstleistungen kontaktieren, das wir dem Datensubjekt von Zeit zu Zeit anbieten k\u00f6nnen; Volaris hat die Kontrolle dar\u00fcber, wer Informationen \u00fcber ein Datensubjekt erh\u00e4lt und nutzt und die Umst\u00e4nde, unter denen Informationen \u00fcber das Datensubjekt erteilt werden; ein Datensubjekt hat Zugang zu den Informationen, die Volaris \u00fcber das Datensubjekt besitzt.<\/p>\n\n\n\n<h3 class=\"gb-headline gb-headline-c380514b gb-headline-text\">Geltungsbereich<\/h3>\n\n\n\n<p class=\"gb-headline gb-headline-717d6c04 gb-headline-text\">Diese Datenschutzrichtlinie gilt f\u00fcr die Produkte, Dienstleistungen und Webseiten, sofern nicht anders angegeben wird, und betrifft keine Webseiten, die das Datensubjekt aufgrund von externen Links besucht.<\/p>\n\n\n\n<h3 class=\"gb-headline gb-headline-ce800d7a gb-headline-text\">Datenverantwortlicher und Verarbeiter von personenbezogenen Daten<\/h3>\n\n\n\n<p>Die Volaris Group mit Sitz in 5800 Explorer Drive, Mississauga, Ontario, Canada, L4W 5K9, ist verantwortlich f\u00fcr die personenbezogenen Daten und bestimmt Zweck und Mittel f\u00fcr deren Erfassung und Verarbeitung.<\/p>\n\n\n\n<p>Die Verarbeitung der personenbezogenen Daten mit oder ohne automatisierte Verfahren erfolgt im Namen des Datenverantwortlichen durch die Volaris Group.<\/p>\n\n\n\n<h3 class=\"gb-headline gb-headline-00d47c7b gb-headline-text\">Warum erfasst Volaris personenbezogene Daten?<\/h3>\n\n\n\n<ul class=\"wp-block-list\">\n<li>zur Feststellung der Identit\u00e4t<\/li>\n\n\n\n<li>zur Durchf\u00fchrung der erforderlichen Identit\u00e4ts- und Sicherheits\u00fcberpr\u00fcfungen<\/li>\n\n\n\n<li>zur Durchf\u00fchrung von Transaktionen und Gesch\u00e4ften<\/li>\n\n\n\n<li>zur Lieferung von Produkten und Dienstleistungen<\/li>\n\n\n\n<li>f\u00fcr Kunden-Support und Serviceleistungen<\/li>\n\n\n\n<li>zur kontinuierlichen Bereitstellung von Dienstleistungen<\/li>\n\n\n\n<li>zur Lieferung von Informationen an das Datensubjekt<\/li>\n\n\n\n<li>zur Verbesserung von Produkten, Dienstleistungen und der Bereitstellung von Dienstleistungen<\/li>\n\n\n\n<li>zum besseren Verst\u00e4ndnis der Bed\u00fcrfnisse, Interessen und Eignung des Datensubjekts f\u00fcr verschiedene Produkte und Dienstleistungen<\/li>\n\n\n\n<li>zur Empfehlung spezieller Produkte und Dienstleistungen, die die Bed\u00fcrfnisse des Datensubjekts erf\u00fcllen k\u00f6nnten<\/li>\n\n\n\n<li>zur Reaktion und Antwort auf Probleme, Fragen und Anfragen<\/li>\n\n\n\n<li>zum Schutz des Datensubjekts und zum eigenen Schutz gegen Fehler oder Betrug und<\/li>\n\n\n\n<li>zur Kooperation mit Strafverfolgungsbeh\u00f6rden und Justizbeh\u00f6rden, sofern erforderlich, um geltendes Recht oder Gerichtsbeschl\u00fcsse zu erf\u00fcllen.<\/li>\n<\/ul>\n\n\n\n<p>Volaris erfasst pers\u00f6nliche Informationen, nutzt diese und leitet sie weiter zu Zwecken, die eine vern\u00fcnftige Person unter den jeweiligen Umst\u00e4nden f\u00fcr angemessen h\u00e4lt; wir bem\u00fchen uns, so wenig Informationen wie m\u00f6glich und unter den Umst\u00e4nden notwendig zu erfassen.<\/p>\n\n\n\n<p>Das Datensubjekt nimmt zur Kenntnis, dass aggregierte statistische Daten und Informationen, aus denen die Identit\u00e4t einer speziellen Person nicht hervorgeht, keine personenbezogenen Daten sind. Volaris beh\u00e4lt sich das Recht vor, aggregierte Informationen in einer Art und Weise zu nutzen, die wir nach unserem eigenen Ermessen als angemessen betrachten. Die Nutzung dieser aggregierten Informationen kann unter anderem auch die Erstellung von aggregierten Nutzerstatistiken und zusammenfassenden Informationen beinhalten, um die Effizienz zu verbessern, das Produkt- und Serviceangebot von Volaris genauer zu beschreiben und die Vermarktung der Produkte und Dienstleistungen von Volaris zu unterst\u00fctzen.<\/p>\n\n\n\n<p>Aggregierte statistische Daten und Informationen enthalten keine personenbezogenen Daten.<\/p>\n\n\n\n<h3 class=\"gb-headline gb-headline-00fffd5b gb-headline-text\">Welche personenbezogenen Daten erfasst Volaris?<\/h3>\n\n\n\n<p class=\"gb-headline gb-headline-875fda29 gb-headline-text\">Volaris erfasst verschiedene personenbezogene Daten. W\u00e4hrend der Nutzung der Volaris-Webseite oder im Rahmen von Gesch\u00e4ften oder Interaktionen mit Volaris oder beim Erhalt von Produkten oder Dienstleistungen von oder durch Volaris kann Volaris das Datensubjekt je nach den Gegebenheiten auffordern, die folgenden Angaben zu machen:<\/p>\n\n\n\n<ul class=\"wp-block-list\">\n<li>Anschrift<\/li>\n\n\n\n<li>demographische Informationen<\/li>\n\n\n\n<li>E-Mail-Adresse\/n<\/li>\n\n\n\n<li>Telefonnummer oder sonstige Kontaktinformationen<\/li>\n\n\n\n<li>Namen (Vor- und Nachname oder Familienname)<\/li>\n\n\n\n<li>Versandinformationen<\/li>\n\n\n\n<li>Rechnungsdaten<\/li>\n\n\n\n<li>bisherige Transaktionen<\/li>\n\n\n\n<li>Pr\u00e4ferenzen in Verbindung mit der Webseiten-Nutzung<\/li>\n\n\n\n<li>Feedback zu Gesch\u00e4ften, Serviceleistungen, Webseite und PR<\/li>\n\n\n\n<li>IP-Quelladresse<\/li>\n\n\n\n<li>Uhrzeit und Datum des Zugriffs auf die Webseiten-Server<\/li>\n\n\n\n<li>Sprache<\/li>\n\n\n\n<li>Pers\u00f6nliche Pr\u00e4ferenzen<\/li>\n\n\n\n<li>Pr\u00e4ferenzen bez\u00fcglich Produkten und Dienstleistungen<\/li>\n\n\n\n<li>Browsertypen und -konfigurationen und sonstige verwaltungsbezogene Informationen und Angaben zum Computer-Traffic<\/li>\n<\/ul>\n\n\n\n<p>Bestimmte Informationen, wie von der Regierung oder vom privaten Sektor erteilte Lizenzen, Genehmigungen, Bescheinigungen, Karten in Form von F\u00fchrerscheinen, Sozialversicherungsnummern, P\u00e4sse, Versicherungskarten, Gutscheinnummern und \u00e4hnliches sind freiwillig, auch wenn sie der Identifizierung dienen k\u00f6nnten.<\/p>\n\n\n\n<p>Das Datensubjekt entscheidet, ob es diese Angaben machen m\u00f6chte oder sich in einer sonstigen geeigneten Weise ausweist, wobei jedoch die rechtlichen Anforderungen zu ber\u00fccksichtigen sind.<\/p>\n\n\n\n<h3 class=\"gb-headline gb-headline-83f14f00 gb-headline-text\">Wie erfasst der Volaris personenbezogene Daten?<\/h3>\n\n\n\n<p class=\"gb-headline gb-headline-8bd92a48 gb-headline-text\">Volaris erfasst nur personenbezogene Daten, die das Datensubjekt freiwillig mitgeteilt hat oder zu deren Angabe es die Zustimmung erteilt hat. Volaris erfasst keine personenbezogenen Daten zu einem Datensubjekt, ohne dieses entsprechend dar\u00fcber zu informieren (entweder im Rahmen dieser Datenschutzrichtlinie oder indem wir das Datensubjekt zu dem Zeitpunkt der Abfrage oder Erfassung dieser personenbezogenen Daten informieren), wie und warum die personenbezogenen Daten erfasst werden und wie sie genutzt oder weitergegeben werden. Volaris kann personenbezogene Daten auf unterschiedliche Art und Weise erfassen:<\/p>\n\n\n\n<ul class=\"wp-block-list\">\n<li>durch Nutzung der Volaris-Webseite<\/li>\n\n\n\n<li>durch Nutzung der Volaris-Dienstleistungen<\/li>\n\n\n\n<li>im Rahmen der Kommunikation mit Volaris (im pers\u00f6nlichen Gespr\u00e4ch, per E-Mail, per Telefon, Post oder auf sonstige Weise), im Rahmen eines Feedbacks an Volaris zu unserem Gesch\u00e4ft, den Dienstleistungen, der Webseite und den Ver\u00f6ffentlichungen<\/li>\n\n\n\n<li>bei der Registrierung bei Volaris, um Dienstleistungen oder ggf. ein Konto zu erhalten oder zum Download der Software von Volaris<\/li>\n\n\n\n<li>durch Kunden-, Mitglieder-, Empf\u00e4nger- oder Servicelisten, die rechtm\u00e4\u00dfig von Dritten erworben wurden<\/li>\n\n\n\n<li>durch Ausf\u00fcllen manueller oder elektronischer Formulare<\/li>\n\n\n\n<li>Webseite-Cookies &#8211; Cookies sind Textdateien, die der Browser des Datensubjekts beim Aufrufen einer Webseite auf dem Computer des Datensubjekts ablegt. Das Datensubjekt kann die Annahme von Cookies durch eine entsprechende Browsereinstellung ablehnen; in diesem Fall kann das Datensubjekt jedoch nicht alle Funktionen und Merkmale auf der Volaris-Webseite nutzen. Die Informationen, die im Rahmen der Nutzung von Cookies erfasst werden, dienen der Verbesserung der Dienstleistungen von Volaris.<\/li>\n\n\n\n<li>Web-Beacons &#8211; Web-Beacons sind kleine graphische Bilddateien, die es einem Webseiten-Betreiber erlauben, bestimmte Informationen zu erfassen und die Nutzeraktivit\u00e4ten auf seiner Webseite zu \u00fcberwachen. Ein Web-Beacon ist manchmal nur einen Pixel gro\u00df und f\u00fcr den Nutzer unsichtbar. Volaris nutzt Web-Beacons zur Erfassung von nicht personenbezogenen Informationen.<\/li>\n\n\n\n<li>Clickstreams &#8211; Mit dieser Technologie hat ein Webseiten-Betreiber die M\u00f6glichkeit, die Folge von Seitenaufrufen eines Internet-Nutzers zu erfassen, wenn er eine Webseite besucht und deren einzelne Seiten betrachtet bzw. wenn er Links zu anderen Seiten benutzt. Volaris erfasst diese Informationen von Besuchern der Volaris-Webseite.<\/li>\n\n\n\n<li>Informationen \u00fcber den Webseiten-Traffic, der \u00fcberwacht und analysiert wird, um festzustellen, welche Produkte, Dienstleistungen oder Funktionen f\u00fcr Besucher von Interesse sind, so dass Volaris die eigene Webseite, Produkte, Dienstleistungen, Merkmale und sonstige Angebote verbessern kann.<\/li>\n<\/ul>\n\n\n\n<p>Au\u00dferdem kann Volaris die Nutzung der Produkte und Dienstleistungen durch ein Datensubjekt pr\u00fcfen und analysieren, damit wir das Datensubjekt besser bedienen und diesem andere Produkte und Dienstleistungen anbieten k\u00f6nnen, die ihm unserer Meinung nach n\u00fctzen k\u00f6nnten. Volaris kann aus denselben Gr\u00fcnden auch Informationen von anderen Quellen sammeln und analysieren.<\/p>\n\n\n\n<h3 class=\"gb-headline gb-headline-242a116d gb-headline-text\">Wie gibt Volaris personenbezogene Informationen weiter?<\/h3>\n\n\n\n<p>Wir verkaufen keine von uns erfassten personenbezogenen Daten an Dritte. Volaris kann aber personenbezogene Daten an die eigenen Tochtergesellschaften, Niederlassungen, Mitarbeiter, Vertragspartner und Vertreter weitergeben, w\u00e4hrend wir mit dem Datensubjekt Gesch\u00e4fte machen, ihm gegen\u00fcber Dienstleistungen erbringen oder ihm Unterst\u00fctzung anbieten oder w\u00e4hrend der Lieferung von Produkten oder Ausf\u00fchrung von Dienstleistungen durch Volaris.<\/p>\n\n\n\n<p>Volaris kann personenbezogene Daten weitergeben, wenn ein zust\u00e4ndiges Gericht oder andere rechtliche oder regulatorische Instanzen dies verlangen oder wenn wir in gutem Glauben und im Vertrauen darauf der Ansicht sind, dass die Weitergabe den folgenden Zwecken dient: Einhaltung von rechtlichen Verfahren, die gegen Volaris eingeleitet werden, Aufrechterhaltung, Wahrung oder Schutz der Rechte oder des Verm\u00f6gens von Volaris; Schutz und Sicherstellung der \u00f6ffentlichen Sicherheit oder der pers\u00f6nlichen Sicherheit der Kunden von Volaris oder Schutz vor deliktischen oder quasi-deliktischen Handlungen oder zur Feststellung, Verhinderung oder Untersuchung von angeblichen falschen Darstellungen oder Betrug oder um diesen nachzugehen.<\/p>\n\n\n\n<p>Volaris beh\u00e4lt sich das Recht vor, dass wir im Falle der Anmeldung eines Konkurses, eines Zusammenschlusses mit Dritten, einer \u00dcbernahmen durch Dritte, eines (vollst\u00e4ndigen oder teilweisen) Verkaufs von Verm\u00f6genswerten oder einer sonstigen (vollst\u00e4ndigen oder teilweisen) \u00dcbertragung relevanter Verm\u00f6genswerte von Volaris an Dritte berechtigt sind, die vom Datensubjekt zur Verf\u00fcgung gestellten personenbezogenen Daten mit der dritten Partei zu teilen (oder im Rahmen eines Nebengesch\u00e4fts zum Hauptgesch\u00e4ft zu verkaufen).<\/p>\n\n\n\n<h3 class=\"gb-headline gb-headline-fe7b3c14 gb-headline-text\">Aufbewahrung und Beseitigung<\/h3>\n\n\n\n<p class=\"gb-headline gb-headline-44423460 gb-headline-text\">Volaris beh\u00e4lt die Informationen nur solange wir sie f\u00fcr die effiziente und effektive Lieferung der Software, Produkte oder Dienstleistungen an das Datensubjekt ben\u00f6tigt und f\u00fcr einen angemessenen Zeitraum danach oder zur Erf\u00fcllung von gesetzlichen Anforderungen. Volaris vernichtet oder l\u00f6scht die Informationen, wenn sie nicht l\u00e4nger ben\u00f6tigt werden.<\/p>\n\n\n\n<h3 class=\"gb-headline gb-headline-07c1accd gb-headline-text\">Sicherheit und Speicherung<\/h3>\n\n\n\n<p>Volaris sorgt f\u00fcr eine angemessene physische, verfahrensbezogene und technische Sicherheit im Hinblick auf den eigenen B\u00fcrostandort oder den des Verarbeiters, sowie Speicherm\u00f6glichkeiten f\u00fcr die Informationen, um Verlust, Missbrauch, unerlaubten Zugriff, Weitergabe oder Modifizierung von personenbezogenen Daten zu verhindern. Dies gilt auch f\u00fcr die Beseitigung oder L\u00f6schung von personenbezogenen Daten durch Volaris.<\/p>\n\n\n\n<p>Volaris behandelt die personenbezogenen Daten, die wir von einem Datensubjekt erfasst haben, streng vertraulich. Nur autorisiertes Personal hat Zugang zu diesen personenbezogenen Daten. Das Personal von Volaris und dem Verarbeiter, das Zugang zu den personenbezogenen Daten hat, erh\u00e4lt eine Schulung zum Datenschutz.<\/p>\n\n\n\n<p>Die Sicherheitsspezialisten von Volaris sehen standardm\u00e4\u00dfig eingebaute Sicherheitsfunktionen in unseren Rechnersystemen vor. Ziel ist, die Informationen zu jeder Zeit zu sch\u00fctzen, wenn sie in Datenfiles gespeichert oder von den Volaris-Mitarbeitern verarbeitet werden. Die Systeme von Volaris sind auch so ausgelegt, dass Informationen gesch\u00fctzt sind, wenn sie zum Beispiel zwischen den Datenverarbeitungsanlagen und dem B\u00fcro \u00fcbertragen werden. Pers\u00f6nliche Informationen k\u00f6nnen in einem beliebigen Land gespeichert oder verarbeitet werden, in dem wir oder unsere Tochtergesellschaften, Lieferanten, Niederlassungen oder Vertreter Einrichtungen unterhalten. Durch Angabe von personenbezogenen Daten gegen\u00fcber Volaris stimmen Sie einer \u00dcbertragung dieser Informationen in andere L\u00e4nder zu (einschlie\u00dflich der L\u00e4nder, die nicht auf ad\u00e4quate Datenschutzgesetze hin gepr\u00fcft wurden).<\/p>\n\n\n\n<p>Volaris verwendet jetzt und in Zukunft Technologien nach Industriestandard, um die Sicherheit von pers\u00f6nlichen Daten aufrechtzuerhalten und die Verbindung von Volaris zum Internet herzustellen; Volaris kann jedoch Schutz, Sicherheit, Echtheit oder Fehlerfreiheit von Informationen, die \u00fcber das Internet \u00fcbertragen wurden, oder Informationen, die in Systemen Dritter, welche mit dem Internet verbunden sind, gespeichert sind, nicht garantieren.<\/p>\n\n\n\n<p>Obwohl Volaris Ma\u00dfnahmen ergreift, um zu \u00fcberpr\u00fcfen, dass z. B. Dienstleister oder Lieferanten, mit denen Volaris personenbezogene Daten teilt, f\u00fcr den Schutz personenbezogener Daten nach Standards sorgen, die mindestens so streng sind wie die Datenschutzrichtlinie von Volaris, und sie angewiesen wurden, auf eine unabh\u00e4ngige oder nicht genehmigte Nutzung von personenbezogenen Daten zu verzichten, kann Volaris f\u00fcr die Ma\u00dfnahmen, das Verhalten oder die Standards dieser Parteien keine Garantie \u00fcbernehmen.<\/p>\n\n\n\n<p>Volaris haftet nicht f\u00fcr Anspr\u00fcche, Sch\u00e4den, Kosten oder Verluste, die sich aus oder in Verbindung mit der Internet-Verbindung oder -Nutzung Dritter ergeben.<\/p>\n\n\n\n<p>Volaris kann den Schutz von personenbezogenen Daten nicht sicherstellen, den Datensubjekte auf Webseiten von Dritten eingeben, die auf die Volaris-Webseite verweisen oder damit verbunden sind. Personenbezogene Daten, die von diesen Dritten gesammelt werden, fallen nicht unter diese Datenschutzrichtlinie.<\/p>\n\n\n\n<p>Volaris haftet nicht f\u00fcr Vorf\u00e4lle, die au\u00dferhalb unseres Einflussbereichs liegen. Daher \u00fcbernehmen wir f\u00fcr direkte, indirekte, zuf\u00e4llige, Folge- oder strafrechtliche Sch\u00e4den in Verbindung mit der Nutzung oder der Freigabe von personenbezogenen Daten keine Haftung.<\/p>\n\n\n\n<h3 class=\"gb-headline gb-headline-79f96ea4 gb-headline-text\">Rechte von Datensubjekten<\/h3>\n\n\n\n<p>Datensubjekte haben jederzeit Anspruch darauf, sich vorhandene personenbezogene Daten best\u00e4tigen und sich \u00fcber deren Inhalt und Ursprung informieren zu lassen, um zu \u00fcberpr\u00fcfen, ob sie korrekt sind, oder zu verlangen, dass diese Daten erg\u00e4nzt, aktualisiert oder korrigiert werden.<\/p>\n\n\n\n<p>Datensubjekte haben das Recht, eine L\u00f6schung, Anonymisierung oder Blockierung von Daten zu verlangen, die rechtswidrig verarbeitet werden und in jedem Fall aus legitimen Gr\u00fcnden einer Verarbeitung dieser Daten zu widersprechen.<\/p>\n\n\n\n<h3 class=\"gb-headline gb-headline-4fb427e7 gb-headline-text\">Kontakt<\/h3>\n\n\n\n<p>Volaris verpflichtet sich, diese Datenschutzrichtlinie einzuhalten. Volaris verf\u00fcgt \u00fcber Richtlinien und Verfahren, um seine Mitarbeiter und Vertragspartner in Bezug auf die Erf\u00fcllung ihrer Verpflichtungen im Rahmen der Datenschutzrichtlinie auszubilden und zu unterst\u00fctzen. Die Richtlinien und Verfahren von Volaris werden regelm\u00e4\u00dfig \u00fcberpr\u00fcft; die Ergebnisse dieser \u00dcberpr\u00fcfung werden den Datenschutzbeauftragten von Volaris vorgelegt.<\/p>\n\n\n\n<p>Volaris verpflichtet sich, Datensubjekte mit gr\u00f6\u00dftem Respekt und R\u00fccksicht zu behandeln. Das Datensubjekt wird gebeten, Volaris \u00fcber alle Fragen und Bedenken im Hinblick auf diese Datenschutzrichtlinie zu informieren, die Richtigkeit der jeweiligen personenbezogenen Daten zu best\u00e4tigen, uns zu benachrichtigen, wenn das Datensubjekt glaubt, dass die personenbezogenen Daten nicht ordnungsgem\u00e4\u00df gesch\u00fctzt wurden oder wenn falsche personenbezogenen Daten aktualisiert oder gel\u00f6scht werden sollen. In diesem Fall ist Volaris per E-Mail unter privacy@volarisgroup.com anzusprechen oder es ist ein Schreiben an den Privacy Policy Manager, 5800 Explorer Drive, Mississauga, Ontario, Canada, L4W 5K9 zu richten.<\/p>\n\n\n\n<p>Der zust\u00e4ndige Datenschutzbeauftragte best\u00e4tigt die Anfrage und antwortet innerhalb von drei\u00dfig (30) Werktagen. Wenn Volaris mehr Zeit f\u00fcr die Antwort ben\u00f6tigt oder die Anfrage eines Datensubjekts ablehnen muss, wird das Datensubjekt entsprechend auf der Basis aller rechtlichen Beschr\u00e4nkungen informiert.<\/p>\n\n\n\n<h3 class=\"gb-headline gb-headline-eac3a200 gb-headline-text\">Alter<\/h3>\n\n\n\n<p class=\"gb-headline gb-headline-05f2bfdd gb-headline-text\">Volaris verpflichtet sich, die Sicherheit von Kindern zu sch\u00fctzen. Volaris verlangt oder nutzt nicht wissentlich personenbezogene Daten von Minderj\u00e4hrigen ohne Zustimmung der Erziehungsberechtigten. Wenn Volaris Kenntnis davon erlangt, dass wir unwissentlich oder absichtlich personenbezogene Daten von Minderj\u00e4hrigen sammeln, ergreifen wir Ma\u00dfnahmen, um diese Daten l\u00f6schen zu lassen. Die Volaris-Webseite darf von Minderj\u00e4hrigen nicht genutzt werden. Minderj\u00e4hrige sind nicht befugt, die Volaris-Webseite zu nutzen und werden daher angewiesen, die Nutzung dieser Webseite umgehend einzustellen.<\/p>\n\n\n\n<h3 class=\"gb-headline gb-headline-4e81ef54 gb-headline-text\">Aktualisierungen<\/h3>\n\n\n\n<p class=\"gb-headline gb-headline-0c987550 gb-headline-text\">Volaris kann von Zeit zu Zeit diese Datenschutzrichtlinie aktualisieren, wobei die aktualisierte Version in unsere Webseite aufgenommen wird. Die Nutzung von personenbezogenen Daten, die Volaris vor der Aktualisierung der Datenschutzrichtlinie erh\u00e4lt, unterliegen der Richtlinie, die zum Zeitpunkt der Bereitstellung der Informationen g\u00fcltig war. Volaris empfiehlt den Datensubjekten, die Datenschutzrichtlinie regelm\u00e4\u00dfig abzurufen.<\/p>\n\n\n\n<h3 class=\"gb-headline gb-headline-07428e5b gb-headline-text\">Zustimmung<\/h3>\n\n\n\n<p>In den meisten F\u00e4llen wird das Datensubjekt gebeten, speziell der Erfassung und Verarbeitung von personenbezogenen Daten durch Volaris gem\u00e4\u00df dieser Datenschutzrichtlinie zuzustimmen. Die Datensubjekte sind zu dieser Zustimmung nicht verpflichtet.<\/p>\n\n\n\n<p>Wenn ein Datensubjekt nicht zustimmt, muss es umgehend die Nutzung der Volaris-Webseite einstellen und auch in Zukunft darauf verzichten.<\/p>\n\n\n\n<h3 class=\"gb-headline gb-headline-8f12f295 gb-headline-text\">Geltendes Recht und Gerichtsstand<\/h3>\n\n\n\n<p>Wenn die Verarbeitung von personenbezogenen Daten im Rahmen der T\u00e4tigkeit des Datenverantwortlichen und\/oder Datenverarbeiters in der Europ\u00e4ischen Union erfolgt, kann die Verarbeitung der EU-Richtlinie 2016\/679 oder sonstigen anwendbaren Gesetzen zum Schutz nat\u00fcrlicher Personen bei der Verarbeitung personenbezogener Daten und dem freien Datenverkehr unterliegen sowie dem nationalen Recht des jeweiligen EU-Mitgliedstaats vor dem \u00f6rtlich zust\u00e4ndigen Gericht.<\/p>\n\n\n\n<p>Die Volaris-Webseite wird in Ontario, Kanada, gehostet und verwaltet.<\/p>\n\n\n\n<p>Volaris gibt die personenbezogenen Daten ohne die Zustimmung des Datensubjekts weiter, wenn die gesetzlichen Vorschriften dies verlangen, oder wenn wir der Meinung sind, dass diese Ma\u00dfnahme erforderlich ist, um gegen Handlungen zu ermitteln, die Volaris, deren Gesellschaftern oder Verm\u00f6gen (einschlie\u00dflich dieser Webseite) Schaden zuf\u00fcgen k\u00f6nnten, oder um uns davor zu sch\u00fctzen.<\/p>\n\n<\/div>","protected":false},"excerpt":{"rendered":"<p>Datenschutzrichtlinie Diese Datenschutzrichtlinie beschreibt die Verwaltung von personenbezogenen Daten (im Folgenden als \u201epersonenbezogene Daten\u201c bezeichnet) einer nat\u00fcrlichen Person (\u201eDatensubjekt\u201c) durch die Volaris Group (im Folgenden als \u201eVolaris\u201c bezeichnet), wobei die betroffene Person direkt oder indirekt durch Verweis auf die Nutzung der folgenden Webseiten-Adresse von Volaris aus einem beliebigen Grund identifiziert wird oder werden kann: https:\/\/www.volarisgroup.com &#8230; <a title=\"Datenschutzrichtlinie\" class=\"read-more\" href=\"https:\/\/www.volarisgroup.com\/de\/privacy\/\" aria-label=\"Mehr Informationen \u00fcber Datenschutzrichtlinie\">Weiterlesen<\/a><\/p>\n","protected":false},"author":1,"featured_media":0,"parent":0,"menu_order":0,"comment_status":"closed","ping_status":"closed","template":"","meta":{"_acf_changed":false,"_seopress_robots_primary_cat":"","_seopress_titles_title":"","_seopress_titles_desc":"","_seopress_robots_index":"","footnotes":""},"class_list":["post-32310","page","type-page","status-publish"],"acf":[],"_links":{"self":[{"href":"https:\/\/www.volarisgroup.com\/de\/wp-json\/wp\/v2\/pages\/32310","targetHints":{"allow":["GET"]}}],"collection":[{"href":"https:\/\/www.volarisgroup.com\/de\/wp-json\/wp\/v2\/pages"}],"about":[{"href":"https:\/\/www.volarisgroup.com\/de\/wp-json\/wp\/v2\/types\/page"}],"author":[{"embeddable":true,"href":"https:\/\/www.volarisgroup.com\/de\/wp-json\/wp\/v2\/users\/1"}],"replies":[{"embeddable":true,"href":"https:\/\/www.volarisgroup.com\/de\/wp-json\/wp\/v2\/comments?post=32310"}],"version-history":[{"count":7,"href":"https:\/\/www.volarisgroup.com\/de\/wp-json\/wp\/v2\/pages\/32310\/revisions"}],"predecessor-version":[{"id":36040,"href":"https:\/\/www.volarisgroup.com\/de\/wp-json\/wp\/v2\/pages\/32310\/revisions\/36040"}],"wp:attachment":[{"href":"https:\/\/www.volarisgroup.com\/de\/wp-json\/wp\/v2\/media?parent=32310"}],"curies":[{"name":"wp","href":"https:\/\/api.w.org\/{rel}","templated":true}]}}