{"id":32168,"date":"2024-12-16T04:01:17","date_gmt":"2024-12-16T09:01:17","guid":{"rendered":"https:\/\/www.volarisgroup.com\/?page_id=32168"},"modified":"2025-01-07T07:46:53","modified_gmt":"2025-01-07T12:46:53","slug":"privacy","status":"publish","type":"page","link":"https:\/\/www.volarisgroup.com\/da\/privacy\/","title":{"rendered":"Privatlivspolitik"},"content":{"rendered":"<div class=\"gb-container gb-container-4a49bb1d privacy-policy-container-main vg-container\">\n<div class=\"gb-container gb-container-b6a5f449\">\n\n<h1 class=\"gb-headline gb-headline-047fef2b gb-headline-text volaris-privacy-policy\"><span id=\"heading-main\">Politik om beskyttelse af personlige oplysninger<\/span><\/h1>\n\n<\/div>\n\n\n<p class=\"gb-headline gb-headline-f8801ad7 gb-headline-text\">Denne fortrolighedspolitik beskriver Volaris Groups (i det f\u00f8lgende ben\u00e6vnt &#8220;den Dataansvarlige&#8221;) forvaltning af personoplysninger (som i det f\u00f8lgende ben\u00e6vnt &#8220;personoplysninger&#8221;) vedr\u00f8rende en fysisk person (&#8220;den Registrerede&#8221;), der er identificeret eller kan identificeres direkte eller indirekte ved henvisning til brugen, uanset form\u00e5l, af f\u00f8lgende websideadresse, der tilh\u00f8rer den Dataansvarlige:&nbsp;https:\/\/www.volarisgroup.com&nbsp;(&#8220;den Dataansvarliges webside&#8221;).<\/p>\n\n\n\n<h3 class=\"gb-headline gb-headline-2ff942ef gb-headline-text\"><strong>Form\u00e5l<\/strong><\/h3>\n\n\n\n<p>Denne fortrolighedspolitik har til form\u00e5l (1) at beskrive de skridt, den Dataansvarlige tager for at holde personoplysninger fortrolige, (2) at informere de Registrerede om, hvordan og hvorfor den Dataansvarlige indsamler disse personoplysninger, samt (3) at give de Registrerede deres rettigheder og den Dataansvarliges kontaktoplysninger, s\u00e5 f\u00f8rstn\u00e6vnte kan ud\u00f8ve disse rettigheder samt henvende sig for eventuelle sp\u00f8rgsm\u00e5l eller bekymringer, der opst\u00e5r i forbindelse med denne fortrolighedspolitik.<\/p>\n\n\n\n<p>Beskyttelse af den Registreredes privatliv og opretholdelse af integriteten af personoplysninger betyder, at: Den Dataansvarlige vil behandle personoplysninger og forretningen mellem den Registrerede og den Dataansvarlige fortroligt; Den Dataansvarlige vil ikke s\u00e6lge, udleje eller udl\u00e5ne oplysninger om den Registrerede til tredjepart; Den Dataansvarlige vil respektere den Registreredes privatliv, n\u00e5r den Dataansvarlige kontakter den Registrerede vedr\u00f8rende forskellige produkter og tjenester, som den Dataansvarlige stiller til r\u00e5dighed for den Registrerede fra tid til anden; Den Dataansvarlige kan have kontrol over, hvem der f\u00e5r, bruger og under hvilke omst\u00e6ndigheder oplysninger om den Registrerede udleveres; Den Registrerede vil have adgang til de oplysninger, som den Dataansvarlige har om den Registrerede.<\/p>\n\n\n\n<h3 class=\"gb-headline gb-headline-c380514b gb-headline-text\"><strong>Anvendelsesomr\u00e5de<\/strong><\/h3>\n\n\n\n<p class=\"gb-headline gb-headline-717d6c04 gb-headline-text\">Denne politik, vedr\u00f8rende beskyttelse af personlige oplysninger, g\u00e6lder for den Dataansvarliges produkter, tjenester og websteder, medmindre andet er angivet, og vedr\u00f8rer ikke websteder, som en registreret person kan bes\u00f8ge via eksterne links.<\/p>\n\n\n\n<h3 class=\"gb-headline gb-headline-ce800d7a gb-headline-text\"><strong>Dataansvarlige og databehandlere af personoplysninger<\/strong><\/h3>\n\n\n\n<p>Den Dataansvarlige, der bestemmer form\u00e5let med og midlerne til indsamling og behandling af personoplysninger, er Volaris Group, registreret adresse: 5060 Spectrum Way, Suite 100, Mississauga, Ontario, Canada, L4W 5N5.<\/p>\n\n\n\n<p>Behandlingen af personoplysninger, uanset om det sker ved hj\u00e6lp af automatiserede midler eller ej, udf\u00f8res p\u00e5&nbsp;vegne af den Dataansvarlige hos Volaris Group..<\/p>\n\n\n\n<h3 class=\"gb-headline gb-headline-00d47c7b gb-headline-text\"><strong>Hvorfor den Dataansvarlige kan indsamle personoplysninger<\/strong><\/h3>\n\n\n\n<ul class=\"wp-block-list\">\n<li>For at fastsl\u00e5&nbsp;identitet<\/li>\n\n\n\n<li>Udf\u00f8re n\u00f8dvendige identitets- og sikkerhedskontroller<\/li>\n\n\n\n<li>Behandle transaktioner og gennemf\u00f8re forretningsaktiviteter<\/li>\n\n\n\n<li>Levere produkter og tjenester<\/li>\n\n\n\n<li>Yde kundesupport og -tjenester<\/li>\n\n\n\n<li>L\u00f8bende levere serviceydelser<\/li>\n\n\n\n<li>Give oplysninger til den Registrerede<\/li>\n\n\n\n<li>Forbedre produkter, tjenester og levering af tjenester<\/li>\n\n\n\n<li>Bedre forst\u00e5&nbsp;den Registreredes behov, interesser og egnethed til forskellige produkter og tjenester<\/li>\n\n\n\n<li>Anbefale specifikke produkter og tjenester, der kan opfylde den Registreredes behov<\/li>\n\n\n\n<li>Reagere p\u00e5&nbsp;problemer, sp\u00f8rgsm\u00e5l og foresp\u00f8rgsler<\/li>\n\n\n\n<li>Beskytte den Registrerede og sig selv mod fejl eller svindel og<\/li>\n\n\n\n<li>samarbejde med politi- og juridiske myndigheder, hvor det er n\u00f8dvendigt, for at kunne overholde g\u00e6ldende love og retskendelser.<\/li>\n<\/ul>\n\n\n\n<p>Den Dataansvarlige vil kun indsamle, anvende og videregive personlige oplysninger til form\u00e5l, som man ville anse for passende under de givne omst\u00e6ndigheder, og bestr\u00e6be sig p\u00e5&nbsp;at indsamle s\u00e5 f\u00e5&nbsp;oplysninger som muligt, som det er n\u00f8dvendigt under de givne omst\u00e6ndigheder.<\/p>\n\n\n\n<p>Den Registrerede skal tage til efterretning, at aggregerede statistikker og oplysninger, hvor en specifik persons identitet ikke kan identificeres, ikke anses for v\u00e6rende personoplysninger. Den Dataansvarlige forbeholder sig ret til at anvende indsamlede oplysninger p\u00e5 enhver m\u00e5de, som den efter eget sk\u00f8n anser for hensigtsm\u00e6ssig. Anvendelse af s\u00e5danne oplysninger kan omfatte &#8211; men er ikke begr\u00e6nset til &#8211; udarbejdelse af aggregerede brugerstatistikker og informationsoversigter med henblik p\u00e5 at forbedre effektiviteten, mere effektivt beskrive den Dataansvarliges produkt- og servicetilbud og bist\u00e5 i markedsf\u00f8ringen af den Dataansvarliges produkter og tjenester.<\/p>\n\n\n\n<p>Aggregerede statistikker og oplysninger vil ikke indeholde personoplysninger.<\/p>\n\n\n\n<h3 class=\"gb-headline gb-headline-00fffd5b gb-headline-text\"><strong>Personoplysninger, den Dataansvarlige kan indsamle<\/strong><\/h3>\n\n\n\n<p>Den Dataansvarlige indsamler forskellige typer af personoplysninger. I forbindelse med brug af den Dataansvarliges websted eller i forbindelse med forretning, interaktion med den Dataansvarlige, modtagelse af produkter og tjenester fra eller gennem den Dataansvarlige, kan den Registrerede, afh\u00e6ngigt af omst\u00e6ndighederne, blive bedt om at give den Dataansvarlige f\u00f8lgende oplysninger:<\/p>\n\n\n\n<ul class=\"wp-block-list\">\n<li>Geografiske (fysiske) adresser<\/li>\n\n\n\n<li>Demografiske oplysninger<\/li>\n\n\n\n<li>E-mailadresser<\/li>\n\n\n\n<li>telefonnumre eller andre kontaktoplysninger<\/li>\n\n\n\n<li>Navne (fornavn og efternavn eller hvad end familieidentifikationsnavnet er)<\/li>\n\n\n\n<li>Forsendelsesoplysninger<\/li>\n\n\n\n<li>Faktureringsoplysninger<\/li>\n\n\n\n<li>Transaktionshistorik<\/li>\n\n\n\n<li>Pr\u00e6ferencer for brug af webstedet<\/li>\n\n\n\n<li>Feedback vedr\u00f8rende forretning, tjenester, webstedet og public relations (PR)<\/li>\n\n\n\n<li>IP-adresser<\/li>\n\n\n\n<li>Tidspunkter og datoer for adgang til websteds servere<\/li>\n\n\n\n<li>Sprog<\/li>\n\n\n\n<li>Personlige pr\u00e6ferencer<\/li>\n\n\n\n<li>Pr\u00e6ferencer for produkter og tjenester<\/li>\n\n\n\n<li>browsertyper og -konfigurationer, diverse administrative oplysninger og oplysninger om computertrafik<\/li>\n<\/ul>\n\n\n\n<p>Visse former for oplysninger, f.eks. statslige eller private licenser, tilladelser, certifikater, kort i form af k\u00f8rekort, socialsikringsnumre, pas, forsikringskort, kuponnumre og lignende, er frivillige, selv om de er nyttige til identifikation.<\/p>\n\n\n\n<p>Det er den Registrerede selv, der beslutter, om denne \u00f8nsker at oplyse denne eller anden passende identifikation, med forbehold af eventuelle lovkrav.<\/p>\n\n\n\n<h3 class=\"gb-headline gb-headline-83f14f00 gb-headline-text\"><strong>Hvordan indsamler den Dataansvarlige personoplysninger?<\/strong><\/h3>\n\n\n\n<p>Den Dataansvarlige indsamler kun personoplysninger, som den Registrerede frivilligt har givet den Dataansvarlige eller har accepteret at give til den Dataansvarlige. Den Dataansvarlige indsamler ikke personoplysninger om en registreret uden at informere den Registrerede herom (enten ved hj\u00e6lp af denne privatlivspolitik eller ved at give den Registrerede en anden form for meddelelse p\u00e5&nbsp;det tidspunkt, hvor den Dataansvarlige anmoder om eller indsamler personoplysninger), hvorfor og hvordan de p\u00e5g\u00e6ldende personoplysninger indsamles, og hvordan de p\u00e5g\u00e6ldende personoplysninger vil blive anvendt eller videregivet. Den Dataansvarlige kan indsamle personoplysninger p\u00e5&nbsp;forskellige m\u00e5der:<\/p>\n\n\n\n<ul class=\"wp-block-list\">\n<li>Brug af den Dataansvarliges websted<\/li>\n\n\n\n<li>Brug af den Dataansvarliges tjenester<\/li>\n\n\n\n<li>I forbindelse med kommunikation med den Dataansvarlige (ansigt til ansigt, via e-mail, telefon, post eller p\u00e5&nbsp;anden m\u00e5de) i forbindelse med feedback til den Dataansvarlige vedr\u00f8rende den Dataansvarliges virksomhed, tjenester, websted og publikationer<\/li>\n\n\n\n<li>Ved registrering hos den Dataansvarlige for tjenester eller, hvor det er relevant, konti eller, hvor det er relevant, for download af den Dataansvarliges software<\/li>\n\n\n\n<li>Kunde-, medlemskabs-, modtager- eller servicelister, som er blevet lovligt erhvervet fra tredjeparter<\/li>\n\n\n\n<li>Ved udfyldelse af manuelle eller elektroniske formularer<\/li>\n\n\n\n<li>Cookies p\u00e5&nbsp;websteder &#8211; Cookies er identifikatorer, der kan sendes fra et websted via den Registreredes browser og blive placere p\u00e5 den Registreredes computerharddisk. Den Registrerede kan v\u00e6lge ikke at acceptere cookies ved at \u00e6ndre de angivne indstillinger i den Registreredes webbrowser; hvis den Registrerede ikke anvender cookies, kan det dog forhindre den Registrerede i at bruge visse funktioner og egenskaber p\u00e5&nbsp;den Dataansvarliges websted. Oplysninger, der indsamles ved brug af cookies, bruges til at forbedre den Dataansvarliges tjenester<\/li>\n\n\n\n<li>Web beacons &#8211; Web beacons er sm\u00e5, grafiske billeder, der g\u00f8r det muligt for en webstedsoperat\u00f8r at indsamle visse oplysninger og overv\u00e5ge brugeraktivitet p\u00e5&nbsp;sit websted. En web beacon er en meget lille pixel, som er usynlig for brugeren. Den Dataansvarlige bruger web beacons til at indsamle oplysninger, der ikke er af personlig karakter<\/li>\n\n\n\n<li>Clickstreaming &#8211; Clickstreaming er en teknologi, der g\u00f8r det muligt for en webstedsoperat\u00f8r at spore de veje, som brugere bev\u00e6ger sig ad, n\u00e5r de g\u00e5r ind p\u00e5&nbsp;et websted og surfer p\u00e5&nbsp;webstedets sider, og n\u00e5r de bruger links til andre websteder. Den Dataansvarlige indsamler s\u00e5danne oplysninger fra bes\u00f8gende p\u00e5 den Dataansvarliges websted, og<\/li>\n\n\n\n<li>oplysninger om trafik p\u00e5&nbsp;webstedet, som overv\u00e5ges og analyseres for at fastsl\u00e5, hvilke produkter, tjenester eller funktioner, der kan v\u00e6re af interesse for de bes\u00f8gende, s\u00e5 den Dataansvarlige kan forbedre webstedet, produkter, tjenester, funktioner eller andre tilbud fra den Dataansvarlige.<\/li>\n<\/ul>\n\n\n\n<p>Desuden kan den Dataansvarlige gennemg\u00e5&nbsp;og analysere den Registreredes brug af produkter og tjenester for at hj\u00e6lpe f\u00f8rstn\u00e6vnte med at betjene den Registrerede bedre og for at g\u00f8re den Registrerede opm\u00e6rksom p\u00e5 andre produkter og tjenester, som den Dataansvarlige mener, vil v\u00e6re til gavn for den Registrerede. Den Dataansvarlige indsamler og analyserer ogs\u00e5&nbsp;oplysninger fra andre kilder til samme form\u00e5l.<\/p>\n\n\n\n<h3 class=\"gb-headline gb-headline-242a116d gb-headline-text\"><strong>Hvordan den Dataansvarlige kan videregive personlige oplysninger<\/strong><\/h3>\n\n\n\n<p>Den Dataansvarlige s\u00e6lger ikke personlige oplysninger, som den indsamler, til tredjeparter. Den Dataansvarlige kan dele personoplysninger med sine datterselskaber, ansatte, entrepren\u00f8rer og agenter i forbindelse med levering af den Dataansvarliges forretningstjenester og support til den Registrerede, eller til opfyldelse eller levering af produkter eller tjenester fra den Dataansvarlige.<\/p>\n\n\n\n<p>Den Dataansvarlige kan videregive personoplysninger, hvis det kr\u00e6ves af en kompetent domstol, en anden juridisk eller regulerende myndighed, eller hvis der er en god tro og tillid til at videregivelsen er n\u00f8dvendig for at: overholde en retssag, der er indgivet til den Dataansvarlige; opretholde eller beskytte den Dataansvarliges rettigheder eller ejendom; beskytte og sikre offentlighedens eller andre af den Dataansvarliges klienters personlige sikkerhed; eller beskytte mod kriminelle eller sm\u00e5kriminelle aktiviteter eller for at opdage, forebygge, unders\u00f8ge p\u00e5stande om eller im\u00f8deg\u00e5&nbsp;vildledning eller svindel.<\/p>\n\n\n\n<p>Den Dataansvarlige forbeholder sig retten til, i tilf\u00e6lde af konkursbeg\u00e6ring, fusioner med tredjeparter, overtagelse af tredjeparter, salg af aktiver (helt eller delvist) eller enhver anden overf\u00f8rsel af alle eller stort set alle den Dataansvarliges relevante aktiver til en tredjepart, at den Dataansvarlige har ret til at dele (eller s\u00e6lge som et accessorisk aspekt af den overordnede forretningstransaktion) de personoplysninger, som den Registrerede har leveret til tredjeparten.<\/p>\n\n\n\n<h3 class=\"gb-headline gb-headline-fe7b3c14 gb-headline-text\"><strong>Opbevaring og bortskaffelse<\/strong><\/h3>\n\n\n\n<p class=\"gb-headline gb-headline-44423460 gb-headline-text\">Den Dataansvarlige opbevarer kun oplysninger s\u00e5 l\u00e6nge, som de er n\u00f8dvendige for en effektiv levering eller opfyldelse af software, produkter eller tjenester, som den Registrerede bruger eller overvejer at bruge, og i en rimelig periode derefter, eller for at opfylde eventuelle lovkrav. Den Dataansvarlige vil enten destruere eller fjerne oplysninger, n\u00e5r de ikke l\u00e6ngere er n\u00f8dvendige.<\/p>\n\n\n\n<h3 class=\"gb-headline gb-headline-07c1accd gb-headline-text\"><strong>Sikkerhed og opbevaring<\/strong><\/h3>\n\n\n\n<p>Den Dataansvarlige bestr\u00e6ber sig p\u00e5&nbsp;at opretholde passende fysisk, procedurem\u00e6ssig og teknisk sikkerhed, med hensyn til sine og databehandlernes kontorer og informationsopbevaringsfaciliteter, for at forhindre tab, misbrug, uautoriseret adgang, videregivelse eller \u00e6ndring af personlige data. Dette g\u00e6lder ogs\u00e5&nbsp;for den Dataansvarliges bortskaffelse eller destruktion af personoplysninger.<\/p>\n\n\n\n<p>Den Dataansvarlige behandler de Personoplysninger, der indsamles fra den Registrerede, strengt fortroligt. Kun autoriseret personale har adgang til disse Personoplysninger. Den Dataansvarliges og databehandlerens personale, der har adgang til personoplysninger, modtager uddannelse vedr\u00f8rende beskyttelse af privatlivets fred.<\/p>\n\n\n\n<p>Den Dataansvarliges sikkerhedsspecialister indbygger sikkerhed som standard i vores computersystemer. M\u00e5let er at beskytte oplysninger til enhver tid, n\u00e5r de opbevares i datafiler eller h\u00e5ndteres af den Dataansvarliges medarbejdere. Den Dataansvarliges systemer er ogs\u00e5&nbsp;designet til at beskytte oplysninger, n\u00e5r de overf\u00f8res, f.eks. mellem vores databehandlingsfaciliteter og virksomhedskontorer. Personoplysninger kan opbevares eller behandles i enhver jurisdiktion, hvor vi eller vores tilknyttede selskaber, leverand\u00f8rer, datterselskaber eller agenter har faciliteter. Ved at forsyne den Dataansvarlige med personoplysninger giver du dit samtykke til enhver overf\u00f8rsel af disse oplysninger til andre jurisdiktioner (herunder lande, der ikke er blevet vurderet med hensyn til tilstr\u00e6kkelighed af lovgivningen om beskyttelse af personlige oplysninger).<\/p>\n\n\n\n<p>Den Dataansvarlige anvender og vil fortsat anvende teknologi, der er i overensstemmelse med branchestandarden, til opretholdelse af sikkerheden af personoplysninger og til den Dataansvarliges forbindelser til internettet; den Dataansvarlige kan dog ikke garantere og garanterer ikke privatlivets fred, sikkerhed, \u00e6gthed eller ikke-korruption af oplysninger, der overf\u00f8res via internettet eller oplysninger, der er lagret i et system fra en tredjepart, der er forbundet til internettet.<\/p>\n\n\n\n<p>Selv om den Dataansvarlige g\u00f8r sit til at kontrollere, at tjenesteudbydere, leverand\u00f8rer eller lignende, som den Dataansvarlige deler personoplysninger med, er forpligtet til at opretholde privatlivets fred for personoplysninger efter standarder, der er mindst lige s\u00e5&nbsp;strenge som den Dataansvarliges privatlivspolitik, og har meddelt dem, at de skal afholde sig fra at foretage uafh\u00e6ngig eller uautoriseret brug af personoplysninger, garanterer den Dataansvarlige ikke og kan ikke garantere s\u00e5danne parters handlinger, adf\u00e6rd eller standarder.<\/p>\n\n\n\n<p>Den Dataansvarlige er ikke ansvarlig for krav, skader, omkostninger eller tab af nogen art, der opst\u00e5r som f\u00f8lge af eller p\u00e5&nbsp;nogen m\u00e5de er relateret til tredjeparts forbindelser til eller brug af internettet.<\/p>\n\n\n\n<p>Den Dataansvarlige kan ikke og garanterer ikke beskyttelsen af personoplysninger, som de Registrerede giver til et tredjepartswebsted, der kan henvise til, referere til eller linke til den Dataansvarliges websted. Personoplysninger, der indsamles af disse tredjeparter, er ikke omfattet af eller reguleret af denne privatlivspolitik.<\/p>\n\n\n\n<p>Den Dataansvarlige er ikke ansvarlig for begivenheder uden for vores direkte kontrol og er derfor ikke ansvarlig for direkte, indirekte, tilf\u00e6ldige, f\u00f8lgeskader eller straffeskader i forbindelse med brug eller frigivelse af Personoplysninger.<\/p>\n\n\n\n<h3 class=\"gb-headline gb-headline-79f96ea4 gb-headline-text\"><strong>De Registreredes rettigheder<\/strong><\/h3>\n\n\n\n<p>De Registrerede har til enhver tid ret til at f\u00e5 bekr\u00e6ftet, at der findes personoplysninger om dem, og til at blive informeret om deres indhold og oprindelse, til at kontrollere deres n\u00f8jagtighed eller til at anmode om, at s\u00e5danne oplysninger suppleres, opdateres eller korrigeret.<\/p>\n\n\n\n<p>De Registrerede har ret til at anmode om sletning, anonymisering eller blokering af oplysninger, der behandles i strid med loven, samt til i alle tilf\u00e6lde at g\u00f8re indsigelse mod behandlingen af oplysningerne af legitime grunde.<\/p>\n\n\n\n<h3 class=\"gb-headline gb-headline-4fb427e7 gb-headline-text\"><strong>Kontakt<\/strong><\/h3>\n\n\n\n<p>Den Dataansvarlige er forpligtet til at overholde denne privatlivspolitik. Den Dataansvarlige har politikker og procedurer p\u00e5&nbsp;plads for at kunne uddanne og hj\u00e6lpe sine medarbejdere og kontrahenter med at opfylde deres forpligtelser i henhold til denne privatlivspolitik. Den Dataansvarliges politikker og procedurer vil blive gennemg\u00e5et regelm\u00e6ssigt, og resultaterne af en s\u00e5dan gennemgang vil blive forelagt for den Dataansvarliges personale med ansvar for tilsynet med sp\u00f8rgsm\u00e5l vedr\u00f8rende beskyttelse af personlige oplysninger.<\/p>\n\n\n\n<p>Den Dataansvarlige er forpligtet til at behandle de Registrerede med den st\u00f8rste respekt og hensynsfuldhed. Den Registrerede skal underrette den Dataansvarlige om eventuelle sp\u00f8rgsm\u00e5l eller bekymringer vedr\u00f8rende denne politik om beskyttelse af personlige oplysninger, \u00f8nsker at bekr\u00e6fte n\u00f8jagtigheden af de g\u00e6ldende personoplysninger, mener, at privatlivets fred for personoplysninger ikke er blevet respekteret, eller \u00f8nsker at opdatere eller slette ukorrekte personoplysninger, bedes kontakte den Dataansvarlige ved at sende en e-mail til&nbsp;privacy@volarisgroup.com&nbsp;eller skrive til Privacy Policy Manager, 5060 Spectrum Way, Suite 100, Mississauga, Ontario, Canada, L4W 5N5.<\/p>\n\n\n\n<p>Den relevante&nbsp;Privacy Policy Manager&nbsp;vil anerkende foresp\u00f8rgslen og svare inden for tredive (30) arbejdsdage. Hvis den Dataansvarlige har brug for at forl\u00e6nge svarfristen eller er n\u00f8dt til at afvise en anmodning fra en registreret person, vil den Dataansvarlige underrette den Registrerede herom, med forbehold af eventuelle juridiske begr\u00e6nsninger.<\/p>\n\n\n\n<h3 class=\"gb-headline gb-headline-eac3a200 gb-headline-text\"><strong>Alder<\/strong><\/h3>\n\n\n\n<p class=\"gb-headline gb-headline-05f2bfdd gb-headline-text\">Den Dataansvarlige er forpligtet til at beskytte b\u00f8rns sikkerhed. Den Dataansvarlige vil ikke bevidst anmode om eller bruge personoplysninger fra b\u00f8rn under atten (18)&nbsp;\u00e5r uden for\u00e6ldrenes samtykke. Hvis den Dataansvarlige modtager data, hvor denne ubevidst eller fors\u00e6tligt indsamler personoplysninger fra b\u00f8rn under 18&nbsp;\u00e5r, vil den Dataansvarlige s\u00f8rge for at f\u00e5 s\u00e5danne personoplysninger fjernet. Den Dataansvarliges websted m\u00e5&nbsp;ikke anvendes af personer under atten (18) \u00e5r. Personer under atten (18)&nbsp;\u00e5r har ikke tilladelse til at bruge den Dataansvarliges websted og henvises til straks at oph\u00f8re med at bruge den Dataansvarliges websted.<\/p>\n\n\n\n<h3 class=\"gb-headline gb-headline-4e81ef54 gb-headline-text\"><strong>Opdateringer<\/strong><\/h3>\n\n\n\n<p class=\"gb-headline gb-headline-0c987550 gb-headline-text\">Den Dataansvarlige kan fra tid til anden opdatere denne privatlivspolitik, og den opdaterede politik skal offentligg\u00f8res p\u00e5&nbsp;den Dataansvarliges websted. Brugen af personoplysninger, der er givet til den Dataansvarlige f\u00f8r opdateringen, vil fortsat v\u00e6re underlagt den politik, der var g\u00e6ldende p\u00e5&nbsp;det tidspunkt, hvor oplysningerne blev givet. Den Dataansvarlige anbefaler, at de Registrerede regelm\u00e6ssigt og fra tid til anden gennemg\u00e5r denne privatlivspolitik.<\/p>\n\n\n\n<h3 class=\"gb-headline gb-headline-07428e5b gb-headline-text\"><strong>Samtykke<\/strong><\/h3>\n\n\n\n<p>I de fleste tilf\u00e6lde vil den Registrerede blive bedt om specifikt at give sit samtykke til, at den Dataansvarlige indsamler og behandler personoplysninger i overensstemmelse med denne politik om beskyttelse af personlige oplysninger. De Registrerede personer er ikke forpligtet til at give et s\u00e5dant samtykke.<\/p>\n\n\n\n<p>Hvis en registreret person ikke giver sit samtykke, skal den Registrerede straks oph\u00f8re med at bruge den Dataansvarliges websted og afst\u00e5&nbsp;fra yderligere brug.<\/p>\n\n\n\n<h3 class=\"gb-headline gb-headline-8f12f295 gb-headline-text\"><strong>G\u00e6ldende lov og v\u00e6rneting<\/strong><\/h3>\n\n\n\n<p>Hvor behandlingen af personoplysninger udf\u00f8res som led i den Dataansvarliges og\/eller databehandlerens aktiviteter, der er etableret i Den Europ\u00e6iske Union, kan denne behandling v\u00e6re underlagt EU-forordning 2016\/679 og andre g\u00e6ldende love om beskyttelse af privatlivets fred for fysiske personer, med hensyn til behandling af personoplysninger og fri bev\u00e6gelighed for s\u00e5danne oplysninger, samt v\u00e6re underlagt den relevante nationale lovgivning i den retm\u00e6ssige EU-medlemsstat ved den lokale domstol.<\/p>\n\n\n\n<p>Den Dataansvarliges websted er hostet og administreret i Ontario, Canada.<\/p>\n\n\n\n<p>Den Dataansvarlige vil videregive personoplysninger uden den Registreredes tilladelse, n\u00e5r det kr\u00e6ves ved lov eller i god tro, at en s\u00e5dan handling er n\u00f8dvendig for at unders\u00f8ge eller beskytte mod skadelige aktiviteter mod den Dataansvarliges virksomhed, samarbejdspartnere eller ejendom (herunder dette websted) eller mod andre.<\/p>\n\n<\/div>","protected":false},"excerpt":{"rendered":"<p>Politik om beskyttelse af personlige oplysninger Denne fortrolighedspolitik beskriver Volaris Groups (i det f\u00f8lgende ben\u00e6vnt &#8220;den Dataansvarlige&#8221;) forvaltning af personoplysninger (som i det f\u00f8lgende ben\u00e6vnt &#8220;personoplysninger&#8221;) vedr\u00f8rende en fysisk person (&#8220;den Registrerede&#8221;), der er identificeret eller kan identificeres direkte eller indirekte ved henvisning til brugen, uanset form\u00e5l, af f\u00f8lgende websideadresse, der tilh\u00f8rer den Dataansvarlige:&nbsp;https:\/\/www.volarisgroup.com&nbsp;(&#8220;den Dataansvarliges &#8230; <a title=\"Privatlivspolitik\" class=\"read-more\" href=\"https:\/\/www.volarisgroup.com\/da\/privacy\/\" aria-label=\"Read more about Privatlivspolitik\">L\u00e6s mere <\/a><\/p>\n","protected":false},"author":1,"featured_media":0,"parent":0,"menu_order":0,"comment_status":"closed","ping_status":"closed","template":"","meta":{"_acf_changed":false,"_seopress_robots_primary_cat":"","_seopress_titles_title":"","_seopress_titles_desc":"","_seopress_robots_index":"","footnotes":""},"class_list":["post-32168","page","type-page","status-publish"],"acf":[],"_links":{"self":[{"href":"https:\/\/www.volarisgroup.com\/da\/wp-json\/wp\/v2\/pages\/32168","targetHints":{"allow":["GET"]}}],"collection":[{"href":"https:\/\/www.volarisgroup.com\/da\/wp-json\/wp\/v2\/pages"}],"about":[{"href":"https:\/\/www.volarisgroup.com\/da\/wp-json\/wp\/v2\/types\/page"}],"author":[{"embeddable":true,"href":"https:\/\/www.volarisgroup.com\/da\/wp-json\/wp\/v2\/users\/1"}],"replies":[{"embeddable":true,"href":"https:\/\/www.volarisgroup.com\/da\/wp-json\/wp\/v2\/comments?post=32168"}],"version-history":[{"count":15,"href":"https:\/\/www.volarisgroup.com\/da\/wp-json\/wp\/v2\/pages\/32168\/revisions"}],"predecessor-version":[{"id":36038,"href":"https:\/\/www.volarisgroup.com\/da\/wp-json\/wp\/v2\/pages\/32168\/revisions\/36038"}],"wp:attachment":[{"href":"https:\/\/www.volarisgroup.com\/da\/wp-json\/wp\/v2\/media?parent=32168"}],"curies":[{"name":"wp","href":"https:\/\/api.w.org\/{rel}","templated":true}]}}