{"id":22527,"date":"2024-11-20T01:03:15","date_gmt":"2024-11-20T06:03:15","guid":{"rendered":"https:\/\/www.volarisgroup.com\/contact-us\/"},"modified":"2025-04-16T07:21:10","modified_gmt":"2025-04-16T11:21:10","slug":"contact","status":"publish","type":"page","link":"https:\/\/www.volarisgroup.com\/da\/contact\/","title":{"rendered":"Contact &#8211; DA"},"content":{"rendered":"<div class=\"gb-container gb-container-3f234766 hero-section\">\n<div class=\"gb-container gb-container-a1c571aa vg-container\" data-aos=\"fade-down\">\n<div class=\"gb-container gb-container-6a1fd14e\">\n<div class=\"gb-container gb-container-ab140e8a\">\n\n<h1 class=\"gb-headline gb-headline-c21ac1b1 gb-headline-text\"><span id=\"heading-main\"><span id=\"heading-main\">Lad os v\u00e6kste din forretning<\/span><\/span><\/h1>\n\n\n\n<p class=\"gb-headline gb-headline-661cbe84 gb-headline-text\">Du kan finde Volaris Group over hele verden med sin tilstedev\u00e6relse i mere end 50 lande. Hvis du gerne vil vide mere om os, kan en af vores lokale repr\u00e6sentanter hj\u00e6lpe dig med at besvare de sp\u00f8rgsm\u00e5l, du m\u00e5tte have.<\/p>\n\n<\/div>\n<\/div>\n\n<div class=\"gb-container gb-container-7f42d871\">\n<div class=\"gb-container gb-container-59c7bb42 contact-us-wrapper\">\n    <div class=\"marketo-form-wrapper\">\r\n        <div id=\"cookie-consent-message_1794\" class=\"cookie-consent-message\" style=\"display: none;\">\r\n            To view the content below, please enable marketing cookies.        <\/div>\r\n        <div id=\"form-content_1794\">\r\n            <div class=\"marketo-forms-wrapper\">\r\n                                    <script src=\"\/\/my.volarisgroup.com\/js\/forms2\/js\/forms2.min.js\"><\/script>\r\n                    <form id=\"mktoForm_1794\"><\/form>\r\n                    <div id=\"confirmform_1794\" style=\"display:none;\">\r\n                        <p>Thank you for submitting the form.<\/p>\r\n                    <\/div>\r\n                    <script>\r\n                        function checkMarketoScript_1794() {\r\n                            if (typeof MktoForms2 === \"undefined\") {\r\n                                document.getElementById(\"cookie-consent-message_1794\").style.display = \"block\";\r\n                                document.getElementById(\"form-content_1794\").style.display = \"none\";\r\n                            } else {\r\n                                MktoForms2.loadForm(\"\/\/my.volarisgroup.com\", \"785-EOP-276\", 1794, function(form) {\r\n                                    form.onSuccess(function(values, followUpUrl) {\r\n                                        console.log(\"Form submitted successfully\", values);\r\n                                        form.getFormElem().hide();\r\n                                        var confirmElement = document.getElementById(\"confirmform_1794\");\r\n                                        confirmElement.style.display = \"block\";\r\n                                        confirmElement.style.visibility = \"visible\";\r\n                                        return false;\r\n                                    });\r\n                                });\r\n                            }\r\n                        }\r\n                        setTimeout(checkMarketoScript_1794, 1000);\r\n                    <\/script>\r\n                                            <\/div>\r\n        <\/div>\r\n    <\/div>\r\n\r\n    \n\n<\/div>\n\n<div class=\"gb-container gb-container-51a64767\">\n<div class=\"gb-container gb-container-5102da29\">\n\n<h2 class=\"gb-headline gb-headline-b85a7ef4 gb-headline-text\">Telefonnummer:<\/h2>\n\n\n\n<p class=\"gb-headline gb-headline-e4a88ec0 gb-headline-text tel-phone-link\"><a href=\"tel:18778002558\" data-type=\"tel\" data-id=\"tel:18778002558\">1 877-800-2558<\/a><\/p>\n\n<\/div>\n\n<div class=\"gb-container gb-container-f3199cd9\">\n\n<h2 class=\"gb-headline gb-headline-b1259156 gb-headline-text\">Adresse:<\/h2>\n\n\n\n<p class=\"gb-headline gb-headline-ad143de2 gb-headline-text\">Volaris Group<br>5060 Spectrum Way, Suite 100.<br>Mississauga, ON L4W 5N5<br>Canada<\/p>\n\n<\/div>\n<\/div>\n<\/div>\n<\/div>\n<\/div>","protected":false},"excerpt":{"rendered":"<p>Lad os v\u00e6kste din forretning Du kan finde Volaris Group over hele verden med sin tilstedev\u00e6relse i mere end 50 lande. Hvis du gerne vil vide mere om os, kan en af vores lokale repr\u00e6sentanter hj\u00e6lpe dig med at besvare de sp\u00f8rgsm\u00e5l, du m\u00e5tte have. Telefonnummer: 1 877-800-2558 Adresse: Volaris Group5060 Spectrum Way, Suite 100.Mississauga, &#8230; <a title=\"Contact &#8211; DA\" class=\"read-more\" href=\"https:\/\/www.volarisgroup.com\/da\/contact\/\" aria-label=\"Read more about Contact &#8211; DA\">L\u00e6s mere <\/a><\/p>\n","protected":false},"author":1,"featured_media":0,"parent":0,"menu_order":0,"comment_status":"closed","ping_status":"closed","template":"","meta":{"_acf_changed":false,"_seopress_robots_primary_cat":"","_seopress_titles_title":"Lad os forbinde - Volaris Group","_seopress_titles_desc":"Du kan finde Volaris Group over hele verden med sin tilstedev\u00e6relse i mere end 50 lande. Hvis du gerne vil vide mere om os, kan en af vores lokale repr\u00e6sentanter hj\u00e6lpe dig med at besvare de sp\u00f8rgsm\u00e5l, du m\u00e5tte have.","_seopress_robots_index":"","footnotes":""},"class_list":["post-22527","page","type-page","status-publish"],"acf":[],"_links":{"self":[{"href":"https:\/\/www.volarisgroup.com\/da\/wp-json\/wp\/v2\/pages\/22527","targetHints":{"allow":["GET"]}}],"collection":[{"href":"https:\/\/www.volarisgroup.com\/da\/wp-json\/wp\/v2\/pages"}],"about":[{"href":"https:\/\/www.volarisgroup.com\/da\/wp-json\/wp\/v2\/types\/page"}],"author":[{"embeddable":true,"href":"https:\/\/www.volarisgroup.com\/da\/wp-json\/wp\/v2\/users\/1"}],"replies":[{"embeddable":true,"href":"https:\/\/www.volarisgroup.com\/da\/wp-json\/wp\/v2\/comments?post=22527"}],"version-history":[{"count":52,"href":"https:\/\/www.volarisgroup.com\/da\/wp-json\/wp\/v2\/pages\/22527\/revisions"}],"predecessor-version":[{"id":39689,"href":"https:\/\/www.volarisgroup.com\/da\/wp-json\/wp\/v2\/pages\/22527\/revisions\/39689"}],"wp:attachment":[{"href":"https:\/\/www.volarisgroup.com\/da\/wp-json\/wp\/v2\/media?parent=22527"}],"curies":[{"name":"wp","href":"https:\/\/api.w.org\/{rel}","templated":true}]}}